{"id":25871,"date":"2022-11-14T18:55:09","date_gmt":"2022-11-14T18:55:09","guid":{"rendered":"https:\/\/marckucharz.com\/noticias\/"},"modified":"2024-03-01T10:55:26","modified_gmt":"2024-03-01T10:55:26","slug":"noticias","status":"publish","type":"page","link":"https:\/\/marckucharz.com\/es\/noticias\/","title":{"rendered":"Novedades"},"content":{"rendered":"\t\t<div data-elementor-type=\"wp-page\" data-elementor-id=\"25871\" class=\"elementor elementor-25871 elementor-25638\" data-elementor-post-type=\"page\">\n\t\t\t\t<div class=\"elementor-element elementor-element-4ed9b59 e-con-full e-flex e-con e-parent\" data-id=\"4ed9b59\" data-element_type=\"container\" data-settings=\"{&quot;background_background&quot;:&quot;classic&quot;}\">\n\t\t\t\t<div class=\"elementor-element elementor-element-c016fe7 elementor-widget elementor-widget-uael-posts\" data-id=\"c016fe7\" data-element_type=\"widget\" data-settings=\"{&quot;classic_slides_to_show&quot;:3,&quot;classic_slides_to_show_tablet&quot;:2,&quot;classic_slides_to_show_mobile&quot;:1,&quot;classic_show_filters&quot;:&quot;no&quot;}\" data-widget_type=\"uael-posts.classic\">\n\t\t\t\t<div class=\"elementor-widget-container\">\n\t\t\t\t\t\t\t<div class=\"uael-post__header\">\n\t\t\t\t\t<\/div>\n\t\t<div class=\"uael-post__body\">\n\t\t\t\n\t\t\n\t\t<div class=\"uael-blog-terms-position- uael-post-image-top uael-post-grid uael-posts\" data-query-type=\"custom\" data-structure=\"masonry\" data-layout=\"masonry\" data-page=\"25871\" data-skin=\"classic\" data-filter-default=\"\" data-offset-top=\"30\" >\n\n\t\t\t\t\t\t\t<div class=\"uael-post-grid__inner uael-post__columns-3 uael-post__columns-tablet-2 uael-post__columns-mobile-1 uael-post-masonry uael-post-infinite-scroll uael-post-infinite__event-scroll\">\n\t\t\t\n<div class=\"uael-post-wrapper   sin-categorizar \">\n\t<div class=\"uael-post__bg-wrap uael-bg-wrap-disabled \">\n\n\t\t\t\t\n\t\t<div class=\"uael-post__inner-wrap uael-inner-wrap-disabled\">\n\n\t\t\t\t<div class=\"uael-post__thumbnail\">\n\t\t\t\n\t\t\t<a href=\"https:\/\/marckucharz.com\/es\/juguemos-juntos-el-juego-del-alquimista\/\" target=\"_self\" title=\"Juguemos juntos&#8230; el juego del alquimista\"><img fetchpriority=\"high\" decoding=\"async\" width=\"915\" height=\"1200\" src=\"https:\/\/marckucharz.com\/wp-content\/uploads\/2022\/11\/Jouons-ensemble-au-jeu-de-lalchimiste.jpg\" class=\"attachment-full size-full wp-image-25862\" alt=\"\" title=\"\" srcset=\"https:\/\/marckucharz.com\/wp-content\/uploads\/2022\/11\/Jouons-ensemble-au-jeu-de-lalchimiste.jpg 915w, https:\/\/marckucharz.com\/wp-content\/uploads\/2022\/11\/Jouons-ensemble-au-jeu-de-lalchimiste-229x300.jpg 229w, https:\/\/marckucharz.com\/wp-content\/uploads\/2022\/11\/Jouons-ensemble-au-jeu-de-lalchimiste-781x1024.jpg 781w, https:\/\/marckucharz.com\/wp-content\/uploads\/2022\/11\/Jouons-ensemble-au-jeu-de-lalchimiste-768x1007.jpg 768w\" sizes=\"(max-width: 915px) 100vw, 915px\" \/><\/a>\n\t\t\t\t\t<\/div>\n\t\t\n\t\t\t\n\t\t\t<div class=\"uael-post__content-wrap uael-content-wrap-disabled\">\n\t\t\t\t\t<h3 class=\"uael-post__title\">\n\n\t\t\n\t\t\t\t\t\t<a href=\"https:\/\/marckucharz.com\/es\/juguemos-juntos-el-juego-del-alquimista\/\" target=\"_self\">\n\t\t\t\tJuguemos juntos&#8230; el juego del alquimista\t\t\t<\/a>\n\n\t\t\t\t<\/h3>\n\t\t\n\t\t<div class=\"uael-post__excerpt\">\n\t\t\tJuguemos juntos&#8230; el juego del alquimista, imaginado por Marc Kucharz, y Patrick Burensteinas&#8230; sobre el que Mathieu Ch\u00e9did dice que han creado \u00abun juego loco, que propone una especie de viaje interior a trav\u00e9s de ...\t\t<\/div>\n\n\t\t\t\t\t<a class=\"uael-post__read-more elementor-button\" href=\"https:\/\/marckucharz.com\/es\/juguemos-juntos-el-juego-del-alquimista\/\" target=\"_self\" aria-labelledby=\"uael-post-25887\">\n\t\t\t\t\t<span class=\"elementor-button-content-wrapper\">\n\t\t\t\t\t\t\t\t\t\t\t\t\t\t<span class=\"elementor-button-icon elementor-align-icon-left\">\n\n\t\t\t\t\t\t\t\t\t\n\t\t\t\t\t\t\t\t<\/span>\n\t\t\t\t\t\t\t\t\t\t\t\t\t\n\t\t\t\t\t\t<span class=\"elementor-button-text\" id=uael-post-25887>Leer m\u00e1s \u2192<\/span>\n\t\t\t\t\t<\/span>\n\t\t\t\t<\/a>\n\t\t\t\t\t\t<\/div>\n\t\t\t\n\t\t<\/div>\n\t\t\n\t<\/div>\n\n<\/div>\n\t\t\t\t<\/div>\n\t\t\t\t\t\t<div class=\"uael-post-inf-loader\">\n\t\t\t\t<div class=\"uael-post-loader-1\"><\/div>\n\t\t\t\t<div class=\"uael-post-loader-2\"><\/div>\n\t\t\t\t<div class=\"uael-post-loader-3\"><\/div>\n\t\t\t<\/div>\n\t\t\t\t\t\t\n\t\t<\/div>\n\n\t\t\t\t\t\t<\/div>\n\t\t<div class=\"uael-post__footer\">\n\t\t\t\t\t<\/div>\n\t\t\t\t\t\t<\/div>\n\t\t\t\t<\/div>\n\t\t\t\t<\/div>\n\t\t\t\t<\/div>\n\t\t","protected":false},"excerpt":{"rendered":"<p>\u00c9v\u00e9nement Jeu Danse \u00c9v\u00e9nement Jeu Danse &#8211; le 15 mars 2024 \u2794 Le pouvoir du Corps avec la Danse \u2794 Le pouvoir de l&rsquo;Esprit avec le Jeu C&rsquo;est chaque mois l&rsquo;occasion de d\u00e9couvrir la magie d&rsquo;un nouveau jeu &#8230; Leer m\u00e1s \u2192 Rencontrez Marc Kucharz au Salon M\u00e9decine Douce 2024 : Atelier Transformation des D\u00e9pendances [&hellip;]<\/p>\n","protected":false},"author":1,"featured_media":0,"parent":0,"menu_order":0,"comment_status":"closed","ping_status":"closed","template":"","meta":{"site-sidebar-layout":"no-sidebar","site-content-layout":"page-builder","ast-site-content-layout":"default","site-content-style":"default","site-sidebar-style":"default","ast-global-header-display":"","ast-banner-title-visibility":"","ast-main-header-display":"","ast-hfb-above-header-display":"","ast-hfb-below-header-display":"","ast-hfb-mobile-header-display":"","site-post-title":"disabled","ast-breadcrumbs-content":"","ast-featured-img":"disabled","footer-sml-layout":"","theme-transparent-header-meta":"","adv-header-id-meta":"","stick-header-meta":"","header-above-stick-meta":"","header-main-stick-meta":"","header-below-stick-meta":"","astra-migrate-meta-layouts":"default","ast-page-background-enabled":"default","ast-page-background-meta":{"desktop":{"background-color":"","background-image":"","background-repeat":"repeat","background-position":"center center","background-size":"auto","background-attachment":"scroll","background-type":"","background-media":"","overlay-type":"","overlay-color":"","overlay-opacity":"","overlay-gradient":""},"tablet":{"background-color":"","background-image":"","background-repeat":"repeat","background-position":"center center","background-size":"auto","background-attachment":"scroll","background-type":"","background-media":"","overlay-type":"","overlay-color":"","overlay-opacity":"","overlay-gradient":""},"mobile":{"background-color":"","background-image":"","background-repeat":"repeat","background-position":"center center","background-size":"auto","background-attachment":"scroll","background-type":"","background-media":"","overlay-type":"","overlay-color":"","overlay-opacity":"","overlay-gradient":""}},"ast-content-background-meta":{"desktop":{"background-color":"var(--ast-global-color-5)","background-image":"","background-repeat":"repeat","background-position":"center center","background-size":"auto","background-attachment":"scroll","background-type":"","background-media":"","overlay-type":"","overlay-color":"","overlay-opacity":"","overlay-gradient":""},"tablet":{"background-color":"var(--ast-global-color-5)","background-image":"","background-repeat":"repeat","background-position":"center center","background-size":"auto","background-attachment":"scroll","background-type":"","background-media":"","overlay-type":"","overlay-color":"","overlay-opacity":"","overlay-gradient":""},"mobile":{"background-color":"var(--ast-global-color-5)","background-image":"","background-repeat":"repeat","background-position":"center center","background-size":"auto","background-attachment":"scroll","background-type":"","background-media":"","overlay-type":"","overlay-color":"","overlay-opacity":"","overlay-gradient":""}},"footnotes":""},"class_list":["post-25871","page","type-page","status-publish","hentry"],"_links":{"self":[{"href":"https:\/\/marckucharz.com\/es\/wp-json\/wp\/v2\/pages\/25871","targetHints":{"allow":["GET"]}}],"collection":[{"href":"https:\/\/marckucharz.com\/es\/wp-json\/wp\/v2\/pages"}],"about":[{"href":"https:\/\/marckucharz.com\/es\/wp-json\/wp\/v2\/types\/page"}],"author":[{"embeddable":true,"href":"https:\/\/marckucharz.com\/es\/wp-json\/wp\/v2\/users\/1"}],"replies":[{"embeddable":true,"href":"https:\/\/marckucharz.com\/es\/wp-json\/wp\/v2\/comments?post=25871"}],"version-history":[{"count":25,"href":"https:\/\/marckucharz.com\/es\/wp-json\/wp\/v2\/pages\/25871\/revisions"}],"predecessor-version":[{"id":26347,"href":"https:\/\/marckucharz.com\/es\/wp-json\/wp\/v2\/pages\/25871\/revisions\/26347"}],"wp:attachment":[{"href":"https:\/\/marckucharz.com\/es\/wp-json\/wp\/v2\/media?parent=25871"}],"curies":[{"name":"wp","href":"https:\/\/api.w.org\/{rel}","templated":true}]}}