{"id":25883,"date":"2022-10-12T08:22:06","date_gmt":"2022-10-12T08:22:06","guid":{"rendered":"https:\/\/marckucharz.com\/las-aplicaciones\/"},"modified":"2026-03-16T12:40:55","modified_gmt":"2026-03-16T12:40:55","slug":"las-aplicaciones","status":"publish","type":"page","link":"https:\/\/marckucharz.com\/es\/las-aplicaciones\/","title":{"rendered":"Las aplicaciones"},"content":{"rendered":"\t\t<div data-elementor-type=\"wp-page\" data-elementor-id=\"25883\" class=\"elementor elementor-25883 elementor-25342\" data-elementor-post-type=\"page\">\n\t\t\t\t<div class=\"elementor-element elementor-element-aebf016 e-con-full e-flex e-con e-parent\" data-id=\"aebf016\" data-element_type=\"container\">\n\t\t<div class=\"elementor-element elementor-element-5690933 e-con-full e-flex e-con e-child\" data-id=\"5690933\" data-element_type=\"container\">\n\t\t\t\t<div class=\"elementor-element elementor-element-594fdd6 elementor-widget elementor-widget-heading\" data-id=\"594fdd6\" data-element_type=\"widget\" data-widget_type=\"heading.default\">\n\t\t\t\t\t<h1 class=\"elementor-heading-title elementor-size-default\">Las aplicaciones<\/h1>\t\t\t\t<\/div>\n\t\t\t\t<div class=\"elementor-element elementor-element-8ce0ae2 elementor-widget elementor-widget-heading\" data-id=\"8ce0ae2\" data-element_type=\"widget\" data-widget_type=\"heading.default\">\n\t\t\t\t\t<h2 class=\"elementor-heading-title elementor-size-default\">Descarga nuestra aplicaci\u00f3n web<\/h2>\t\t\t\t<\/div>\n\t\t\t\t<div class=\"elementor-element elementor-element-e30c6a1 elementor-widget elementor-widget-heading\" data-id=\"e30c6a1\" data-element_type=\"widget\" data-widget_type=\"heading.default\">\n\t\t\t\t\t<h3 class=\"elementor-heading-title elementor-size-default\">Juego Haka (Gratis)<\/h3>\t\t\t\t<\/div>\n\t\t\t\t<div class=\"elementor-element elementor-element-1f23e42 elementor-widget elementor-widget-text-editor\" data-id=\"1f23e42\" data-element_type=\"widget\" data-widget_type=\"text-editor.default\">\n\t\t\t\t\t\t\t\t\t<p>Transforma tu energ\u00eda negativa en energ\u00eda positiva en dos pasos (Cuerpo y Mente) tres movimientos (TENER, HACER, SER), y (re)encuentra el tesoro inestimable que todos poseemos: MANA (poder).<\/p><p>Un v\u00eddeo de Ludocoach le ayudar\u00e1 a (re)encontrarlo.<\/p><p>Depende de ti.<\/p>\t\t\t\t\t\t\t\t<\/div>\n\t\t\t\t<div class=\"elementor-element elementor-element-bbae194 elementor-widget elementor-widget-button\" data-id=\"bbae194\" data-element_type=\"widget\" data-widget_type=\"button.default\">\n\t\t\t\t\t\t\t\t\t\t<a class=\"elementor-button elementor-button-link elementor-size-sm\" href=\"https:\/\/jeuduhaka.github.io\/\" target=\"_blank\" rel=\"noopener\">\n\t\t\t\t\t\t<span class=\"elementor-button-content-wrapper\">\n\t\t\t\t\t\t\t\t\t<span class=\"elementor-button-text\">Instalar<\/span>\n\t\t\t\t\t<\/span>\n\t\t\t\t\t<\/a>\n\t\t\t\t\t\t\t\t<\/div>\n\t\t\t\t<div class=\"elementor-element elementor-element-7144d9e elementor-skin-carousel elementor-arrows-yes elementor-pagination-type-bullets elementor-pagination-position-outside elementor-widget elementor-widget-media-carousel\" data-id=\"7144d9e\" data-element_type=\"widget\" data-settings=\"{&quot;slides_per_view&quot;:&quot;4&quot;,&quot;slides_to_scroll&quot;:&quot;2&quot;,&quot;skin&quot;:&quot;carousel&quot;,&quot;effect&quot;:&quot;slide&quot;,&quot;show_arrows&quot;:&quot;yes&quot;,&quot;pagination&quot;:&quot;bullets&quot;,&quot;speed&quot;:500,&quot;autoplay&quot;:&quot;yes&quot;,&quot;autoplay_speed&quot;:5000,&quot;loop&quot;:&quot;yes&quot;,&quot;pause_on_hover&quot;:&quot;yes&quot;,&quot;pause_on_interaction&quot;:&quot;yes&quot;,&quot;space_between&quot;:{&quot;unit&quot;:&quot;px&quot;,&quot;size&quot;:10,&quot;sizes&quot;:[]},&quot;space_between_tablet&quot;:{&quot;unit&quot;:&quot;px&quot;,&quot;size&quot;:10,&quot;sizes&quot;:[]},&quot;space_between_mobile&quot;:{&quot;unit&quot;:&quot;px&quot;,&quot;size&quot;:10,&quot;sizes&quot;:[]}}\" data-widget_type=\"media-carousel.default\">\n\t\t\t\t\t\t\t\t\t\t<div class=\"elementor-main-swiper swiper\" role=\"region\" aria-roledescription=\"carousel\" aria-label=\"Diapositives\">\n\t\t\t\t<div class=\"swiper-wrapper\">\n\t\t\t\t\t\t\t\t\t\t\t<div class=\"swiper-slide\" role=\"group\" aria-roledescription=\"slide\">\n\t\t\t\t\t\t\t\t\t<div class=\"elementor-carousel-image\" role=\"img\" aria-label=\"jeu-du-haka\" style=\"background-image: url(&#039;https:\/\/marckucharz.com\/wp-content\/uploads\/2022\/10\/jeu-du-haka.webp&#039;)\">\n\n\t\t\t\n\t\t\t\t\t<\/div>\n\t\t\t\t\t\t\t\t<\/div>\n\t\t\t\t\t\t\t\t\t\t\t<div class=\"swiper-slide\" role=\"group\" aria-roledescription=\"slide\">\n\t\t\t\t\t\t\t\t\t<div class=\"elementor-carousel-image\" role=\"img\" aria-label=\"jeu-du-haka-2\" style=\"background-image: url(&#039;https:\/\/marckucharz.com\/wp-content\/uploads\/2022\/10\/jeu-du-haka-2.webp&#039;)\">\n\n\t\t\t\n\t\t\t\t\t<\/div>\n\t\t\t\t\t\t\t\t<\/div>\n\t\t\t\t\t\t\t\t\t\t\t<div class=\"swiper-slide\" role=\"group\" aria-roledescription=\"slide\">\n\t\t\t\t\t\t\t\t\t<div class=\"elementor-carousel-image\" role=\"img\" aria-label=\"jeu-du-haka-3\" style=\"background-image: url(&#039;https:\/\/marckucharz.com\/wp-content\/uploads\/2022\/10\/jeu-du-haka-3.webp&#039;)\">\n\n\t\t\t\n\t\t\t\t\t<\/div>\n\t\t\t\t\t\t\t\t<\/div>\n\t\t\t\t\t\t\t\t\t\t\t<div class=\"swiper-slide\" role=\"group\" aria-roledescription=\"slide\">\n\t\t\t\t\t\t\t\t\t<div class=\"elementor-carousel-image\" role=\"img\" aria-label=\"jeu-du-haka-4\" style=\"background-image: url(&#039;https:\/\/marckucharz.com\/wp-content\/uploads\/2022\/10\/jeu-du-haka-4.webp&#039;)\">\n\n\t\t\t\n\t\t\t\t\t<\/div>\n\t\t\t\t\t\t\t\t<\/div>\n\t\t\t\t\t\t\t\t\t\t\t<div class=\"swiper-slide\" role=\"group\" aria-roledescription=\"slide\">\n\t\t\t\t\t\t\t\t\t<div class=\"elementor-carousel-image\" role=\"img\" aria-label=\"jeu-du-haka-5\" style=\"background-image: url(&#039;https:\/\/marckucharz.com\/wp-content\/uploads\/2022\/10\/jeu-du-haka-5.webp&#039;)\">\n\n\t\t\t\n\t\t\t\t\t<\/div>\n\t\t\t\t\t\t\t\t<\/div>\n\t\t\t\t\t\t\t\t\t\t\t<div class=\"swiper-slide\" role=\"group\" aria-roledescription=\"slide\">\n\t\t\t\t\t\t\t\t\t<div class=\"elementor-carousel-image\" role=\"img\" aria-label=\"jeu-du-haka-6\" style=\"background-image: url(&#039;https:\/\/marckucharz.com\/wp-content\/uploads\/2022\/10\/jeu-du-haka-6.webp&#039;)\">\n\n\t\t\t\n\t\t\t\t\t<\/div>\n\t\t\t\t\t\t\t\t<\/div>\n\t\t\t\t\t\t\t\t\t<\/div>\n\t\t\t\t\t\t\t\t\t\t\t\t\t\t\t<div class=\"elementor-swiper-button elementor-swiper-button-prev\" role=\"button\" tabindex=\"0\" aria-label=\"Anterior\">\n\t\t\t\t\t\t\t<svg aria-hidden=\"true\" class=\"e-font-icon-svg e-eicon-chevron-left\" viewBox=\"0 0 1000 1000\" xmlns=\"http:\/\/www.w3.org\/2000\/svg\"><path d=\"M646 125C629 125 613 133 604 142L308 442C296 454 292 471 292 487 292 504 296 521 308 533L604 854C617 867 629 875 646 875 663 875 679 871 692 858 704 846 713 829 713 812 713 796 708 779 692 767L438 487 692 225C700 217 708 204 708 187 708 171 704 154 692 142 675 129 663 125 646 125Z\"><\/path><\/svg>\t\t\t\t\t\t<\/div>\n\t\t\t\t\t\t<div class=\"elementor-swiper-button elementor-swiper-button-next\" role=\"button\" tabindex=\"0\" aria-label=\"Siguiente\">\n\t\t\t\t\t\t\t<svg aria-hidden=\"true\" class=\"e-font-icon-svg e-eicon-chevron-right\" viewBox=\"0 0 1000 1000\" xmlns=\"http:\/\/www.w3.org\/2000\/svg\"><path d=\"M696 533C708 521 713 504 713 487 713 471 708 454 696 446L400 146C388 133 375 125 354 125 338 125 325 129 313 142 300 154 292 171 292 187 292 204 296 221 308 233L563 492 304 771C292 783 288 800 288 817 288 833 296 850 308 863 321 871 338 875 354 875 371 875 388 867 400 854L696 533Z\"><\/path><\/svg>\t\t\t\t\t\t<\/div>\n\t\t\t\t\t\t\t\t\t\t\t\t\t\t\t\t<div class=\"swiper-pagination\"><\/div>\n\t\t\t\t\t\t\t\t\t\t\t\t<\/div>\n\t\t\t\t\t\t\t\t<\/div>\n\t\t\t\t<\/div>\n\t\t<div class=\"elementor-element elementor-element-991e64c e-con-full e-flex e-con e-child\" data-id=\"991e64c\" data-element_type=\"container\">\n\t\t\t\t<div class=\"elementor-element elementor-element-9341fcc elementor-widget elementor-widget-heading\" data-id=\"9341fcc\" data-element_type=\"widget\" data-widget_type=\"heading.default\">\n\t\t\t\t\t<h2 class=\"elementor-heading-title elementor-size-default\">Demostraci\u00f3n del juego Haka<\/h2>\t\t\t\t<\/div>\n\t\t\t\t<div class=\"elementor-element elementor-element-f26ee2a elementor-widget elementor-widget-html\" data-id=\"f26ee2a\" data-element_type=\"widget\" data-widget_type=\"html.default\">\n\t\t\t\t\t<iframe width=\"560\" height=\"315\" src=\"https:\/\/www.youtube.com\/embed\/videoseries?list=PLKO0sAP7Ce2ahaIi2BJcjmTKeVVC_68Iq\" title=\"Reproductor de v\u00eddeo YouTube\" frameborder=\"0\" allow=\"accelerometer; autoplay; clipboard-write; encrypted-media; gyroscope; picture-in-picture\" allowfullscreen=\"\"><\/iframe>\t\t\t\t<\/div>\n\t\t\t\t<\/div>\n\t\t\t\t<\/div>\n\t\t<div class=\"elementor-element elementor-element-dec55ad e-flex e-con-boxed e-con e-parent\" data-id=\"dec55ad\" data-element_type=\"container\">\n\t\t\t\t\t<div class=\"e-con-inner\">\n\t\t\t\t<div class=\"elementor-element elementor-element-43a5873 elementor-widget elementor-widget-toolset-view\" data-id=\"43a5873\" data-element_type=\"widget\" data-widget_type=\"toolset-view.default\">\n\t\t\t\t<div class=\"elementor-widget-container\">\n\t\t\t\t\t\n\n\n<div id=\"wpv-view-layout-25774\" class=\"js-wpv-view-layout js-wpv-layout-responsive js-wpv-view-layout-25774\" data-viewnumber=\"25774\" data-pagination=\"{&quot;id&quot;:25774,&quot;query&quot;:&quot;normal&quot;,&quot;type&quot;:&quot;disabled&quot;,&quot;effect&quot;:&quot;fade&quot;,&quot;duration&quot;:500,&quot;speed&quot;:5,&quot;pause_on_hover&quot;:&quot;enabled&quot;,&quot;stop_rollover&quot;:&quot;false&quot;,&quot;cache_pages&quot;:&quot;enabled&quot;,&quot;preload_images&quot;:&quot;enabled&quot;,&quot;preload_pages&quot;:&quot;enabled&quot;,&quot;preload_reach&quot;:1,&quot;spinner&quot;:&quot;builtin&quot;,&quot;spinner_image&quot;:&quot;https:\/\/marckucharz.com\/wp-content\/plugins\/toolset-blocks\/embedded\/res\/img\/ajax-loader.gif&quot;,&quot;callback_next&quot;:&quot;&quot;,&quot;manage_history&quot;:&quot;enabled&quot;,&quot;has_controls_in_form&quot;:&quot;disabled&quot;,&quot;infinite_tolerance&quot;:&quot;0&quot;,&quot;max_pages&quot;:0,&quot;page&quot;:1,&quot;base_permalink&quot;:&quot;\/es\/wp-json\/wp\/v2\/pages\/25883?wpv_view_count=25774&amp;wpv_paged=WPV_PAGE_NUM&quot;,&quot;loop&quot;:{&quot;type&quot;:&quot;&quot;,&quot;name&quot;:&quot;&quot;,&quot;data&quot;:[],&quot;id&quot;:0}}\" data-permalink=\"\/es\/wp-json\/wp\/v2\/pages\/25883?wpv_view_count=25774\">\n\n\t\n\t\n\t\n\t\t<blockquote><p>Como agente de polic\u00eda me enfrento al estr\u00e9s todos los d\u00edas. El juego, adem\u00e1s de ser sencillo, me ayuda instant\u00e1neamente a dejar de lado mi ira. Me siento mejor.<\/p>\n\nAgente de polic\u00eda Sabine L<\/blockquote>\n\n\n\t\n\t\t<blockquote><p>Jugu\u00e9 al juego de la haka despu\u00e9s de que Teho me hablara de \u00e9l. Debo admitir que el momento fue malo porque acababa de pelearme con mi superior. Despu\u00e9s de jugar y, sobre todo, de bailar, me sent\u00ed mejor de inmediato. Este juego tiene un efecto calmante. Pas\u00e9 de la ira a la calma gracias a \u00e9l. Gracias Teho.<\/p>\n\nHarold V. 51- oficial de polic\u00eda<\/blockquote>\n\n\n\t\n\t\t<blockquote><p>Soy discapacitado motor y gracias a este juego revel\u00e9 que me siento abandonado por los ni\u00f1os que no quieren jugar conmigo. Me ayud\u00f3 a expresarme y me pareci\u00f3 genial. Gracias al juego de la haka<\/p>\n\nHeiarii N. 13<\/blockquote>\n\n\n\t\n\t\t<blockquote><p>Intervine en el Bataclan durante este triste episodio. Conozco a Teho desde hace 5 a\u00f1os y sab\u00eda que estaba trabajando en un juego que podr\u00eda ayudar a la gente a sentirse mejor. Farol. Fui incapaz de cerrar los ojos debido al choque emocional de esta operaci\u00f3n y pude volver a la calma.<\/p>\n\nGuillaume C. &#8211; Polic\u00eda<\/blockquote>\n\n\n\t\n\t\n\t\n\t\n<\/div>\n\t\t\t\t<\/div>\n\t\t\t\t<\/div>\n\t\t\t\t\t<\/div>\n\t\t\t\t<\/div>\n\t\t\t\t<\/div>\n\t\t","protected":false},"excerpt":{"rendered":"<p>Las aplicaciones Descarga nuestra aplicaci\u00f3n web Juego Haka (Gratis) Transforma tu energ\u00eda negativa en energ\u00eda positiva en dos pasos (Cuerpo y Mente) tres movimientos (TENER, HACER, SER), y (re)encuentra el tesoro inestimable que todos poseemos: MANA (poder). Un v\u00eddeo de Ludocoach le ayudar\u00e1 a (re)encontrarlo. Depende de ti. Instalar Demostraci\u00f3n del juego Haka Je suis [&hellip;]<\/p>\n","protected":false},"author":1,"featured_media":0,"parent":0,"menu_order":0,"comment_status":"closed","ping_status":"closed","template":"","meta":{"site-sidebar-layout":"no-sidebar","site-content-layout":"page-builder","ast-site-content-layout":"full-width-container","site-content-style":"unboxed","site-sidebar-style":"unboxed","ast-global-header-display":"","ast-banner-title-visibility":"","ast-main-header-display":"","ast-hfb-above-header-display":"","ast-hfb-below-header-display":"","ast-hfb-mobile-header-display":"","site-post-title":"disabled","ast-breadcrumbs-content":"","ast-featured-img":"disabled","footer-sml-layout":"","theme-transparent-header-meta":"default","adv-header-id-meta":"","stick-header-meta":"","header-above-stick-meta":"","header-main-stick-meta":"","header-below-stick-meta":"","astra-migrate-meta-layouts":"default","ast-page-background-enabled":"default","ast-page-background-meta":{"desktop":{"background-color":"","background-image":"","background-repeat":"repeat","background-position":"center center","background-size":"auto","background-attachment":"scroll","background-type":"","background-media":"","overlay-type":"","overlay-color":"","overlay-opacity":"","overlay-gradient":""},"tablet":{"background-color":"","background-image":"","background-repeat":"repeat","background-position":"center center","background-size":"auto","background-attachment":"scroll","background-type":"","background-media":"","overlay-type":"","overlay-color":"","overlay-opacity":"","overlay-gradient":""},"mobile":{"background-color":"","background-image":"","background-repeat":"repeat","background-position":"center center","background-size":"auto","background-attachment":"scroll","background-type":"","background-media":"","overlay-type":"","overlay-color":"","overlay-opacity":"","overlay-gradient":""}},"ast-content-background-meta":{"desktop":{"background-color":"var(--ast-global-color-5)","background-image":"","background-repeat":"repeat","background-position":"center center","background-size":"auto","background-attachment":"scroll","background-type":"","background-media":"","overlay-type":"","overlay-color":"","overlay-opacity":"","overlay-gradient":""},"tablet":{"background-color":"var(--ast-global-color-5)","background-image":"","background-repeat":"repeat","background-position":"center center","background-size":"auto","background-attachment":"scroll","background-type":"","background-media":"","overlay-type":"","overlay-color":"","overlay-opacity":"","overlay-gradient":""},"mobile":{"background-color":"var(--ast-global-color-5)","background-image":"","background-repeat":"repeat","background-position":"center center","background-size":"auto","background-attachment":"scroll","background-type":"","background-media":"","overlay-type":"","overlay-color":"","overlay-opacity":"","overlay-gradient":""}},"footnotes":""},"class_list":["post-25883","page","type-page","status-publish","hentry"],"_links":{"self":[{"href":"https:\/\/marckucharz.com\/es\/wp-json\/wp\/v2\/pages\/25883","targetHints":{"allow":["GET"]}}],"collection":[{"href":"https:\/\/marckucharz.com\/es\/wp-json\/wp\/v2\/pages"}],"about":[{"href":"https:\/\/marckucharz.com\/es\/wp-json\/wp\/v2\/types\/page"}],"author":[{"embeddable":true,"href":"https:\/\/marckucharz.com\/es\/wp-json\/wp\/v2\/users\/1"}],"replies":[{"embeddable":true,"href":"https:\/\/marckucharz.com\/es\/wp-json\/wp\/v2\/comments?post=25883"}],"version-history":[{"count":4,"href":"https:\/\/marckucharz.com\/es\/wp-json\/wp\/v2\/pages\/25883\/revisions"}],"predecessor-version":[{"id":26507,"href":"https:\/\/marckucharz.com\/es\/wp-json\/wp\/v2\/pages\/25883\/revisions\/26507"}],"wp:attachment":[{"href":"https:\/\/marckucharz.com\/es\/wp-json\/wp\/v2\/media?parent=25883"}],"curies":[{"name":"wp","href":"https:\/\/api.w.org\/{rel}","templated":true}]}}