{"id":25926,"date":"2022-09-26T15:06:48","date_gmt":"2022-09-26T15:06:48","guid":{"rendered":"https:\/\/marckucharz.com\/ludocoaching\/"},"modified":"2023-01-02T17:02:44","modified_gmt":"2023-01-02T17:02:44","slug":"ludocoaching","status":"publish","type":"page","link":"https:\/\/marckucharz.com\/es\/ludocoaching\/","title":{"rendered":"Ludocoaching"},"content":{"rendered":"\t\t<div data-elementor-type=\"wp-page\" data-elementor-id=\"25926\" class=\"elementor elementor-25926 elementor-24540\" data-elementor-post-type=\"page\">\n\t\t\t\t<div class=\"elementor-element elementor-element-6b97843 e-con-full e-flex e-con e-parent\" data-id=\"6b97843\" data-element_type=\"container\">\n\t\t<div class=\"elementor-element elementor-element-d84bb5a e-con-full e-flex e-con e-parent\" data-id=\"d84bb5a\" data-element_type=\"container\">\n\t\t\t\t<div class=\"elementor-element elementor-element-da2afc0 elementor-widget elementor-widget-heading\" data-id=\"da2afc0\" data-element_type=\"widget\" data-widget_type=\"heading.default\">\n\t\t\t\t\t<h2 class=\"elementor-heading-title elementor-size-default\">Ludocoaching<sup style=\"font-size:50%\">\u00a9<\/sup><\/h2>\t\t\t\t<\/div>\n\t\t\t\t<div class=\"elementor-element elementor-element-75ada75 elementor-widget elementor-widget-heading\" data-id=\"75ada75\" data-element_type=\"widget\" data-widget_type=\"heading.default\">\n\t\t\t\t\t<h2 class=\"elementor-heading-title elementor-size-default\">un m\u00e9todo eficaz de formaci\u00f3n y apoyo al cambio a trav\u00e9s del juego<\/h2>\t\t\t\t<\/div>\n\t\t\t\t<div class=\"elementor-element elementor-element-9c77a53 elementor-widget elementor-widget-text-editor\" data-id=\"9c77a53\" data-element_type=\"widget\" data-widget_type=\"text-editor.default\">\n\t\t\t\t\t\t\t\t\t<p>Este m\u00e9todo se basa en la utilizaci\u00f3n y animaci\u00f3n de juegos creados a partir de los libros de bienestar de <strong>Marc Kucharz <\/strong>y que son poderosas herramientas de transformaci\u00f3n personal y colectiva.<\/p>\n<p>Ayudan a poner en pr\u00e1ctica conceptos abstractos para pasar de la idea a la realidad y adaptarse mejor a las nuevas normas de la sociedad.<\/p>\n<p>Ofrecemos cursos de formaci\u00f3n basados en una pedagog\u00eda divertida e innovadora.<\/p>\n\t\t\t\t\t\t\t\t<\/div>\n\t\t\t\t<div class=\"elementor-element elementor-element-4c69e0f elementor-widget elementor-widget-button\" data-id=\"4c69e0f\" data-element_type=\"widget\" data-widget_type=\"button.default\">\n\t\t\t\t\t\t\t\t\t\t<a class=\"elementor-button elementor-button-link elementor-size-sm\" href=\"#ludo\" target=\"_blank\">\n\t\t\t\t\t\t<span class=\"elementor-button-content-wrapper\">\n\t\t\t\t\t\t\t\t\t<span class=\"elementor-button-text\">M\u00e1s sobre Ludocoaching<\/span>\n\t\t\t\t\t<\/span>\n\t\t\t\t\t<\/a>\n\t\t\t\t\t\t\t\t<\/div>\n\t\t\t\t<\/div>\n\t\t<div class=\"elementor-element elementor-element-a993de3 e-con-full e-flex e-con e-parent\" data-id=\"a993de3\" data-element_type=\"container\">\n\t\t\t\t<div class=\"elementor-element elementor-element-6e02709 elementor-widget elementor-widget-image\" data-id=\"6e02709\" data-element_type=\"widget\" data-widget_type=\"image.default\">\n\t\t\t\t\t\t\t\t\t\t\t\t\t\t\t<img fetchpriority=\"high\" decoding=\"async\" width=\"420\" height=\"420\" src=\"https:\/\/marckucharz.com\/wp-content\/uploads\/2022\/09\/marc-e1664377365615.webp\" class=\"attachment-large size-large wp-image-25791\" alt=\"\" srcset=\"https:\/\/marckucharz.com\/wp-content\/uploads\/2022\/09\/marc-e1664377365615.webp 420w, https:\/\/marckucharz.com\/wp-content\/uploads\/2022\/09\/marc-e1664377365615-300x300.webp 300w, https:\/\/marckucharz.com\/wp-content\/uploads\/2022\/09\/marc-e1664377365615-150x150.webp 150w\" sizes=\"(max-width: 420px) 100vw, 420px\" title=\"\">\t\t\t\t\t\t\t\t\t\t\t\t\t\t\t<\/div>\n\t\t\t\t<div class=\"elementor-element elementor-element-5b85602 elementor-widget elementor-widget-heading\" data-id=\"5b85602\" data-element_type=\"widget\" data-widget_type=\"heading.default\">\n\t\t\t\t\t<h2 class=\"elementor-heading-title elementor-size-default\">\"Se trata de convertirte en tu propio entrenador a trav\u00e9s del juego y ayudar a los dem\u00e1s a convertirse en tu propio entrenador\".<br>\n\n<i>Marc Kucharz<\/i><\/h2>\t\t\t\t<\/div>\n\t\t\t\t<\/div>\n\t\t\t\t<\/div>\n\t\t<div class=\"elementor-element elementor-element-9e02a21 e-con-full e-flex e-con e-parent\" data-id=\"9e02a21\" data-element_type=\"container\" id=\"ludo\" data-settings=\"{&quot;background_background&quot;:&quot;classic&quot;}\">\n\t\t<div class=\"elementor-element elementor-element-34058f1 e-con-full e-flex e-con e-parent\" data-id=\"34058f1\" data-element_type=\"container\">\n\t\t\t\t<div class=\"elementor-element elementor-element-2ed88b9 elementor-position-top elementor-widget elementor-widget-image-box\" data-id=\"2ed88b9\" data-element_type=\"widget\" data-widget_type=\"image-box.default\">\n\t\t\t\t\t<div class=\"elementor-image-box-wrapper\"><figure class=\"elementor-image-box-img\"><a href=\"https:\/\/ludocoaching.com\/cdj\/pdv\" target=\"_blank\" tabindex=\"-1\" rel=\"noopener\"><img decoding=\"async\" width=\"1920\" height=\"1080\" src=\"https:\/\/marckucharz.com\/wp-content\/uploads\/2022\/09\/frise2.jpg\" class=\"elementor-animation-grow attachment-full size-full wp-image-13\" alt=\"\" title=\"\" srcset=\"https:\/\/marckucharz.com\/wp-content\/uploads\/2022\/09\/frise2.jpg 1920w, https:\/\/marckucharz.com\/wp-content\/uploads\/2022\/09\/frise2-300x169.jpg 300w, https:\/\/marckucharz.com\/wp-content\/uploads\/2022\/09\/frise2-1024x576.jpg 1024w, https:\/\/marckucharz.com\/wp-content\/uploads\/2022\/09\/frise2-768x432.jpg 768w, https:\/\/marckucharz.com\/wp-content\/uploads\/2022\/09\/frise2-1536x864.jpg 1536w\" sizes=\"(max-width: 1920px) 100vw, 1920px\" \/><\/a><\/figure><div class=\"elementor-image-box-content\"><h4 class=\"elementor-image-box-title\"><a href=\"https:\/\/ludocoaching.com\/cdj\/pdv\" target=\"_blank\" rel=\"noopener\">Formaci\u00f3n en l\u00ednea<br>  Dise\u00f1ador de juegos<\/a><\/h4><p class=\"elementor-image-box-description\">Marc Kucharz lleva 30 a\u00f1os creando juegos.<br>\n\nHa optado por crear una colecci\u00f3n de Jeu-Livre Bien-\u00eatre con Guy Tr\u00e9daniel Editeur.<br>\n\nEstos juegos se basan en los libros m\u00e1s vendidos sobre desarrollo personal y facilitan la comprensi\u00f3n de conceptos abstractos.\n\nEs creador y ludocoach y ahora comparte contigo las bambalinas de sus juegos a trav\u00e9s de sus cursos de formaci\u00f3n.  <\/p><\/div><\/div>\t\t\t\t<\/div>\n\t\t\t\t<div class=\"elementor-element elementor-element-c9f1e6a elementor-align-center cta elementor-widget elementor-widget-button\" data-id=\"c9f1e6a\" data-element_type=\"widget\" data-widget_type=\"button.default\">\n\t\t\t\t\t\t\t\t\t\t<a class=\"elementor-button elementor-button-link elementor-size-sm\" href=\"https:\/\/ludocoaching.com\/cdj\/pdv\" target=\"_blank\" rel=\"noopener\">\n\t\t\t\t\t\t<span class=\"elementor-button-content-wrapper\">\n\t\t\t\t\t\t\t\t\t<span class=\"elementor-button-text\">Seguir leyendo<\/span>\n\t\t\t\t\t<\/span>\n\t\t\t\t\t<\/a>\n\t\t\t\t\t\t\t\t<\/div>\n\t\t\t\t<\/div>\n\t\t<div class=\"elementor-element elementor-element-bb6e8e2 e-con-full e-flex e-con e-parent\" data-id=\"bb6e8e2\" data-element_type=\"container\">\n\t\t\t\t<div class=\"elementor-element elementor-element-c230b46 elementor-position-top elementor-widget elementor-widget-image-box\" data-id=\"c230b46\" data-element_type=\"widget\" data-widget_type=\"image-box.default\">\n\t\t\t\t\t<div class=\"elementor-image-box-wrapper\"><figure class=\"elementor-image-box-img\"><a href=\"https:\/\/ludocoaching.com\/ldc\" target=\"_blank\" tabindex=\"-1\" rel=\"noopener\"><img decoding=\"async\" width=\"600\" height=\"412\" src=\"https:\/\/marckucharz.com\/wp-content\/uploads\/2022\/09\/ludocoaching-MK.jpg\" class=\"elementor-animation-grow attachment-full size-full wp-image-25018\" alt=\"\" title=\"\" srcset=\"https:\/\/marckucharz.com\/wp-content\/uploads\/2022\/09\/ludocoaching-MK.jpg 600w, https:\/\/marckucharz.com\/wp-content\/uploads\/2022\/09\/ludocoaching-MK-300x206.jpg 300w\" sizes=\"(max-width: 600px) 100vw, 600px\" \/><\/a><\/figure><div class=\"elementor-image-box-content\"><h4 class=\"elementor-image-box-title\"><a href=\"https:\/\/ludocoaching.com\/ldc\" target=\"_blank\" rel=\"noopener\">Formaci\u00f3n en l\u00ednea<br>  de Ludocoach AMK<\/a><\/h4><p class=\"elementor-image-box-description\">Esta formaci\u00f3n te permite convertirte en un ludocoach de los juegos de desarrollo personal inspirados en los best-sellers mundiales creados por <b>Marc Kucharz<\/b>.<br>\n\nAl participar en este curso, entrar\u00e1 en contacto con una comunidad solidaria.\n\n\n\nEl juego est\u00e1 en alza,\n\n\u00bfpor qu\u00e9 no aprovechar\n\n\u00bfY la oportunidad ahora?<\/p><\/div><\/div>\t\t\t\t<\/div>\n\t\t\t\t<div class=\"elementor-element elementor-element-91f6e11 elementor-align-center cta elementor-widget elementor-widget-button\" data-id=\"91f6e11\" data-element_type=\"widget\" data-widget_type=\"button.default\">\n\t\t\t\t\t\t\t\t\t\t<a class=\"elementor-button elementor-button-link elementor-size-sm\" href=\"https:\/\/ludocoaching.com\/ldc\" target=\"_blank\" rel=\"noopener\">\n\t\t\t\t\t\t<span class=\"elementor-button-content-wrapper\">\n\t\t\t\t\t\t\t\t\t<span class=\"elementor-button-text\">Seguir leyendo<\/span>\n\t\t\t\t\t<\/span>\n\t\t\t\t\t<\/a>\n\t\t\t\t\t\t\t\t<\/div>\n\t\t\t\t<\/div>\n\t\t<div class=\"elementor-element elementor-element-85082fb e-con-full e-flex e-con e-parent\" data-id=\"85082fb\" data-element_type=\"container\">\n\t\t\t\t<div class=\"elementor-element elementor-element-97011d6 elementor-position-top elementor-widget elementor-widget-image-box\" data-id=\"97011d6\" data-element_type=\"widget\" data-widget_type=\"image-box.default\">\n\t\t\t\t\t<div class=\"elementor-image-box-wrapper\"><figure class=\"elementor-image-box-img\"><a href=\"https:\/\/ludocoaching.com\/ldc\" target=\"_blank\" tabindex=\"-1\" rel=\"noopener\"><img loading=\"lazy\" decoding=\"async\" width=\"600\" height=\"395\" src=\"https:\/\/marckucharz.com\/wp-content\/uploads\/2022\/09\/Academy-Marc-Kucharz.jpg\" class=\"elementor-animation-grow attachment-full size-full wp-image-24755\" alt=\"\" title=\"\" srcset=\"https:\/\/marckucharz.com\/wp-content\/uploads\/2022\/09\/Academy-Marc-Kucharz.jpg 600w, https:\/\/marckucharz.com\/wp-content\/uploads\/2022\/09\/Academy-Marc-Kucharz-300x198.jpg 300w\" sizes=\"(max-width: 600px) 100vw, 600px\" \/><\/a><\/figure><div class=\"elementor-image-box-content\"><h4 class=\"elementor-image-box-title\"><a href=\"https:\/\/ludocoaching.com\/ldc\" target=\"_blank\" rel=\"noopener\">Las intervenciones<br>  en las empresas<\/a><\/h4><p class=\"elementor-image-box-description\">Marc Kucharz dirige sesiones de Ludocoaching en empresas para dar un nuevo impulso gracias a la eficacia demostrada de los juegos en la empresa.\n\nLos juegos que ha creado son poderosas herramientas de desarrollo personal que responden a los retos y cambios a los que se enfrentan las sociedades.<\/p><\/div><\/div>\t\t\t\t<\/div>\n\t\t\t\t<div class=\"elementor-element elementor-element-f15ad7c elementor-align-center cta elementor-widget elementor-widget-button\" data-id=\"f15ad7c\" data-element_type=\"widget\" data-widget_type=\"button.default\">\n\t\t\t\t\t\t\t\t\t\t<a class=\"elementor-button elementor-button-link elementor-size-sm\" href=\"https:\/\/marckucharz.com\/contact\/\" target=\"_blank\">\n\t\t\t\t\t\t<span class=\"elementor-button-content-wrapper\">\n\t\t\t\t\t\t\t\t\t<span class=\"elementor-button-text\">P\u00f3ngase en contacto con nosotros<\/span>\n\t\t\t\t\t<\/span>\n\t\t\t\t\t<\/a>\n\t\t\t\t\t\t\t\t<\/div>\n\t\t\t\t<\/div>\n\t\t\t\t<\/div>\n\t\t\t\t<\/div>\n\t\t","protected":false},"excerpt":{"rendered":"<p>un m\u00e9todo eficaz de formaci\u00f3n y apoyo al cambio a trav\u00e9s del juego Este m\u00e9todo se basa en la utilizaci\u00f3n y animaci\u00f3n de juegos creados a partir de los libros de bienestar de Marc Kucharz y que son poderosas herramientas de transformaci\u00f3n personal y colectiva. Ayudan a poner en pr\u00e1ctica conceptos abstractos para pasar de [&hellip;]<\/p>\n","protected":false},"author":1,"featured_media":25816,"parent":0,"menu_order":0,"comment_status":"closed","ping_status":"closed","template":"","meta":{"site-sidebar-layout":"no-sidebar","site-content-layout":"page-builder","ast-site-content-layout":"default","site-content-style":"default","site-sidebar-style":"default","ast-global-header-display":"","ast-banner-title-visibility":"","ast-main-header-display":"","ast-hfb-above-header-display":"","ast-hfb-below-header-display":"","ast-hfb-mobile-header-display":"","site-post-title":"disabled","ast-breadcrumbs-content":"","ast-featured-img":"disabled","footer-sml-layout":"","theme-transparent-header-meta":"default","adv-header-id-meta":"","stick-header-meta":"","header-above-stick-meta":"","header-main-stick-meta":"","header-below-stick-meta":"","astra-migrate-meta-layouts":"default","ast-page-background-enabled":"default","ast-page-background-meta":{"desktop":{"background-color":"","background-image":"","background-repeat":"repeat","background-position":"center center","background-size":"auto","background-attachment":"scroll","background-type":"","background-media":"","overlay-type":"","overlay-color":"","overlay-opacity":"","overlay-gradient":""},"tablet":{"background-color":"","background-image":"","background-repeat":"repeat","background-position":"center center","background-size":"auto","background-attachment":"scroll","background-type":"","background-media":"","overlay-type":"","overlay-color":"","overlay-opacity":"","overlay-gradient":""},"mobile":{"background-color":"","background-image":"","background-repeat":"repeat","background-position":"center center","background-size":"auto","background-attachment":"scroll","background-type":"","background-media":"","overlay-type":"","overlay-color":"","overlay-opacity":"","overlay-gradient":""}},"ast-content-background-meta":{"desktop":{"background-color":"var(--ast-global-color-5)","background-image":"","background-repeat":"repeat","background-position":"center center","background-size":"auto","background-attachment":"scroll","background-type":"","background-media":"","overlay-type":"","overlay-color":"","overlay-opacity":"","overlay-gradient":""},"tablet":{"background-color":"var(--ast-global-color-5)","background-image":"","background-repeat":"repeat","background-position":"center center","background-size":"auto","background-attachment":"scroll","background-type":"","background-media":"","overlay-type":"","overlay-color":"","overlay-opacity":"","overlay-gradient":""},"mobile":{"background-color":"var(--ast-global-color-5)","background-image":"","background-repeat":"repeat","background-position":"center center","background-size":"auto","background-attachment":"scroll","background-type":"","background-media":"","overlay-type":"","overlay-color":"","overlay-opacity":"","overlay-gradient":""}},"footnotes":""},"class_list":["post-25926","page","type-page","status-publish","has-post-thumbnail","hentry"],"_links":{"self":[{"href":"https:\/\/marckucharz.com\/es\/wp-json\/wp\/v2\/pages\/25926","targetHints":{"allow":["GET"]}}],"collection":[{"href":"https:\/\/marckucharz.com\/es\/wp-json\/wp\/v2\/pages"}],"about":[{"href":"https:\/\/marckucharz.com\/es\/wp-json\/wp\/v2\/types\/page"}],"author":[{"embeddable":true,"href":"https:\/\/marckucharz.com\/es\/wp-json\/wp\/v2\/users\/1"}],"replies":[{"embeddable":true,"href":"https:\/\/marckucharz.com\/es\/wp-json\/wp\/v2\/comments?post=25926"}],"version-history":[{"count":1,"href":"https:\/\/marckucharz.com\/es\/wp-json\/wp\/v2\/pages\/25926\/revisions"}],"predecessor-version":[{"id":25927,"href":"https:\/\/marckucharz.com\/es\/wp-json\/wp\/v2\/pages\/25926\/revisions\/25927"}],"wp:featuredmedia":[{"embeddable":true,"href":"https:\/\/marckucharz.com\/es\/wp-json\/wp\/v2\/media\/25816"}],"wp:attachment":[{"href":"https:\/\/marckucharz.com\/es\/wp-json\/wp\/v2\/media?parent=25926"}],"curies":[{"name":"wp","href":"https:\/\/api.w.org\/{rel}","templated":true}]}}